{"id":87,"date":"2023-06-19T12:24:02","date_gmt":"2023-06-19T10:24:02","guid":{"rendered":"https:\/\/fundacjawrotaeuropy.powiatwlodawski.pl\/?page_id=87"},"modified":"2023-06-19T13:04:20","modified_gmt":"2023-06-19T11:04:20","slug":"o-fundacji","status":"publish","type":"page","link":"https:\/\/fundacjawrotaeuropy.powiatwlodawski.pl\/index.php\/strona-glowna\/o-fundacji\/","title":{"rendered":"O FUNDACJI"},"content":{"rendered":"<p>Przedmiotem dzia\u0142alno\u015bci Fundacji s\u0105 szeroko rozumiane zagadnienia spo\u0142eczne i gospodarcze, w szczeg\u00f3lno\u015bci jest to: promocja aktywnego stylu \u017cycia, rozw\u00f3j nauki, o\u015bwiaty, wychowanie dzieci i m\u0142odzie\u017cy, dzia\u0142alno\u015b\u0107 kulturalna i sztuka, pomoc spo\u0142eczna i ochrona \u015brodowiska.<\/p>\n<p>Cele statutowe Fundacji realizowane s\u0105 poprzez:<\/p>\n<ol>\n<li>Wspieranie przedsi\u0119biorczo\u015bci i wszelkich inicjatyw lokalnych zgodnych z celami Fundacji.<\/li>\n<li>Organizowanie i finansowanie: konferencji, seminari\u00f3w, zjazd\u00f3w i kurs\u00f3w edukacyjnych, konkurs\u00f3w, olimpiad przedmiotowych, zawod\u00f3w sportowych, stypendi\u00f3w socjalnych, zapom\u00f3g dla mieszka\u0144c\u00f3w Powiatu.<\/li>\n<li>Pobudzanie ofiarno\u015bci publicznej, oraz gromadzenie \u015brodk\u00f3w materialnych pochodz\u0105cych od instytucji i os\u00f3b prywatnych w kraju i zagranic\u0105 na realizacj\u0119 cel\u00f3w Fundacji.<\/li>\n<li>Udzielanie rzeczowego i finansowego wsparcia na terenie Powiatu W\u0142odawskiego plac\u00f3wkom zajmuj\u0105cym si\u0119 dzia\u0142alno\u015bci\u0105 na rzecz Ochrony Zdrowia, Kultury, Opieki Spo\u0142ecznej, O\u015bwiaty, Sportu i Rekreacji, Ochrony \u015arodowiska.<\/li>\n<li>Udzielanie pomocy przedsi\u0119wzi\u0119ciom pobudzaj\u0105cym rozw\u00f3j uczestnictwa i aktywno\u015bci mieszka\u0144c\u00f3w Powiatu W\u0142odawskiego w zakresie kultury, pomocy spo\u0142ecznej, edukacji, sportu i rekreacji, ochrony \u015brodowiska i zabytk\u00f3w, rozwoju przedsi\u0119biorczo\u015bci.<\/li>\n<li>\u015awiadczenie bezpo\u015bredniej i po\u015bredniej pomocy finansowej, rzeczowej, organizacyjnej, naukowej, o\u015bwiatowej, wychowawczej, kulturalnej i merytorycznej.<\/li>\n<li>Popularyzacj\u0119 osi\u0105gni\u0119\u0107 i dokona\u0144 mieszka\u0144c\u00f3w powiatu w\u0142odawskiego.<\/li>\n<\/ol>\n","protected":false},"excerpt":{"rendered":"<p>Przedmiotem dzia\u0142alno\u015bci Fundacji s\u0105 szeroko rozumiane zagadnienia spo\u0142eczne i gospodarcze, w szczeg\u00f3lno\u015bci jest to: promocja aktywnego stylu \u017cycia, rozw\u00f3j nauki, o\u015bwiaty, wychowanie dzieci i m\u0142odzie\u017cy, dzia\u0142alno\u015b\u0107 kulturalna i sztuka, pomoc spo\u0142eczna i ochrona \u015brodowiska. Cele statutowe Fundacji realizowane s\u0105 poprzez: Wspieranie przedsi\u0119biorczo\u015bci i wszelkich inicjatyw lokalnych zgodnych z celami Fundacji. Organizowanie i finansowanie: konferencji, seminari\u00f3w, &hellip;<\/p>\n<p class=\"read-more\"> <a class=\"\" href=\"https:\/\/fundacjawrotaeuropy.powiatwlodawski.pl\/index.php\/strona-glowna\/o-fundacji\/\"> <span class=\"screen-reader-text\">O FUNDACJI<\/span> Read More &raquo;<\/a><\/p>\n","protected":false},"author":1,"featured_media":0,"parent":58,"menu_order":0,"comment_status":"closed","ping_status":"closed","template":"","meta":{"site-sidebar-layout":"default","site-content-layout":"default","ast-global-header-display":"","ast-banner-title-visibility":"","ast-main-header-display":"","ast-hfb-above-header-display":"","ast-hfb-below-header-display":"","ast-hfb-mobile-header-display":"","site-post-title":"","ast-breadcrumbs-content":"","ast-featured-img":"","footer-sml-layout":"","theme-transparent-header-meta":"","adv-header-id-meta":"","stick-header-meta":"","header-above-stick-meta":"","header-main-stick-meta":"","header-below-stick-meta":"","footnotes":""},"class_list":["post-87","page","type-page","status-publish","hentry"],"_links":{"self":[{"href":"https:\/\/fundacjawrotaeuropy.powiatwlodawski.pl\/index.php\/wp-json\/wp\/v2\/pages\/87","targetHints":{"allow":["GET"]}}],"collection":[{"href":"https:\/\/fundacjawrotaeuropy.powiatwlodawski.pl\/index.php\/wp-json\/wp\/v2\/pages"}],"about":[{"href":"https:\/\/fundacjawrotaeuropy.powiatwlodawski.pl\/index.php\/wp-json\/wp\/v2\/types\/page"}],"author":[{"embeddable":true,"href":"https:\/\/fundacjawrotaeuropy.powiatwlodawski.pl\/index.php\/wp-json\/wp\/v2\/users\/1"}],"replies":[{"embeddable":true,"href":"https:\/\/fundacjawrotaeuropy.powiatwlodawski.pl\/index.php\/wp-json\/wp\/v2\/comments?post=87"}],"version-history":[{"count":2,"href":"https:\/\/fundacjawrotaeuropy.powiatwlodawski.pl\/index.php\/wp-json\/wp\/v2\/pages\/87\/revisions"}],"predecessor-version":[{"id":114,"href":"https:\/\/fundacjawrotaeuropy.powiatwlodawski.pl\/index.php\/wp-json\/wp\/v2\/pages\/87\/revisions\/114"}],"up":[{"embeddable":true,"href":"https:\/\/fundacjawrotaeuropy.powiatwlodawski.pl\/index.php\/wp-json\/wp\/v2\/pages\/58"}],"wp:attachment":[{"href":"https:\/\/fundacjawrotaeuropy.powiatwlodawski.pl\/index.php\/wp-json\/wp\/v2\/media?parent=87"}],"curies":[{"name":"wp","href":"https:\/\/api.w.org\/{rel}","templated":true}]}}