{"id":130,"date":"2023-06-19T13:26:40","date_gmt":"2023-06-19T11:26:40","guid":{"rendered":"https:\/\/fundacjawrotaeuropy.powiatwlodawski.pl\/?page_id=130"},"modified":"2023-09-11T15:10:43","modified_gmt":"2023-09-11T13:10:43","slug":"aktualnosci","status":"publish","type":"page","link":"https:\/\/fundacjawrotaeuropy.powiatwlodawski.pl\/index.php\/strona-glowna\/aktualnosci\/","title":{"rendered":"AKTUALNO\u015aCI"},"content":{"rendered":"\n<div class=\"inherit-container-width wp-block-group is-layout-constrained wp-block-group-is-layout-constrained\">\n<div class=\"wp-block-columns is-layout-flex wp-container-core-columns-is-layout-28f84493 wp-block-columns-is-layout-flex\">\n<div class=\"wp-block-column is-layout-flow wp-block-column-is-layout-flow\" style=\"flex-basis:100%\">\n<div class=\"wp-block-query is-layout-flow wp-block-query-is-layout-flow\"><ul class=\"wp-block-post-template is-layout-flow wp-block-post-template-is-layout-flow\"><li class=\"wp-block-post post-172 post type-post status-publish format-standard has-post-thumbnail hentry category-bez-kategorii\">\n<h2 class=\"wp-block-post-title\"><a href=\"https:\/\/fundacjawrotaeuropy.powiatwlodawski.pl\/index.php\/2023\/09\/11\/poleska-wieza-babel\/\" target=\"_self\" >Poleska Wie\u017ca Babel &#8211; Festiwal J\u0119zyk\u00f3w Pogranicza<\/a><\/h2>\n\n\n<div class=\"inherit-container-width wp-block-group alignwide is-layout-constrained wp-block-group-is-layout-constrained\"><\/div>\n\n\n<div class=\"wp-block-post-excerpt\"><p class=\"wp-block-post-excerpt__excerpt\">Zapraszamy na wydarzenie w ramach Festiwal Trzech Kultur J\u0118ZYKOWA WIE\u017bA BABEL &#8211; H\u0118&#8230;.? \/ MA\u0141A SYNAGOGA \/ \/ PI\u0104TEK \/ 15 WRZE\u015aNIA \/ 10.00 J\u0118ZYKOWA WIE\u017bA BABEL &#8211; MIGAJ\u0104CE WARSZTATY &#8211; WARSZTATY J\u0118ZYKA MIGOWEGO (dla dzieci) 15. 00 J\u0118ZYKOWA WIE\u017bA BABEL &#8211; MISTYCZNY J\u0118ZYK KABA\u0141Y &#8211; WARSZTATY &#8211; PROWADZENIE @MA\u0141GORZATA LIPSKA \/ SOBOTA \/ 16&hellip; <\/p><\/div>\n\n\n<hr class=\"wp-block-separator has-css-opacity\"\/>\n\n\n<div class=\"wp-block-post-date\"><time datetime=\"2023-09-11T15:01:51+02:00\">2023-09-11<\/time><\/div>\n<\/li><li class=\"wp-block-post post-169 post type-post status-publish format-standard hentry category-bez-kategorii\">\n<h2 class=\"wp-block-post-title\"><a href=\"https:\/\/fundacjawrotaeuropy.powiatwlodawski.pl\/index.php\/2023\/07\/27\/male-podsumowanie-jarmarku-holenskiego\/\" target=\"_self\" >Ma\u0142e podsumowanie Jarmarku Hole\u0144skiego<\/a><\/h2>\n\n\n<div class=\"inherit-container-width wp-block-group alignwide is-layout-constrained wp-block-group-is-layout-constrained\"><\/div>\n\n\n<div class=\"wp-block-post-excerpt\"><p class=\"wp-block-post-excerpt__excerpt\">Podobno dobre wspomnienia s\u0105 jak klejnoty. Ma\u0142e podsumowanie Jarmarku Hole\u0144skiego. Do zobaczenia w przysz\u0142ym roku! #powiatwlodawski#jarmarkholenski#lubelskie#lubelskiesmakujzycie#kieruneklubelskie <\/p><\/div>\n\n\n<hr class=\"wp-block-separator has-css-opacity\"\/>\n\n\n<div class=\"wp-block-post-date\"><time datetime=\"2023-07-27T09:07:23+02:00\">2023-07-27<\/time><\/div>\n<\/li><li class=\"wp-block-post post-166 post type-post status-publish format-standard hentry category-bez-kategorii\">\n<h2 class=\"wp-block-post-title\"><a href=\"https:\/\/fundacjawrotaeuropy.powiatwlodawski.pl\/index.php\/2023\/07\/26\/25-jubileuszowy-jarmark-holenski-niezwykle-udany\/\" target=\"_self\" >25 &#8211; Jubileuszowy Jarmark Hole\u0144ski niezwykle udany!<\/a><\/h2>\n\n\n<div class=\"inherit-container-width wp-block-group alignwide is-layout-constrained wp-block-group-is-layout-constrained\"><\/div>\n\n\n<div class=\"wp-block-post-excerpt\"><p class=\"wp-block-post-excerpt__excerpt\">23 lipca br. t\u0142umy turyst\u00f3w z ca\u0142ej Polski i mieszka\u0144c\u00f3w ca\u0142ego regionu lubelskiego odwiedzi\u0142o sk\u0105pany w s\u0142o\u0144cu skansen w Holi. A to za spraw\u0105 wyj\u0105tkowo\u015bci Jarmarku Hole\u0144skiego tradycyjnie bogatego w atrakcyjny program wydarze\u0144 towarzysz\u0105cych \u2013 tworz\u0105cych wsp\u00f3lnie niepowtarzaln\u0105 ca\u0142o\u015b\u0107. Jarmark w hole\u0144skim skansenie rozpocz\u0105\u0142 si\u0119 o godz. 9 i trwa\u0142 do p\u00f3\u017anych godzin wieczornych. Jak&hellip; <\/p><\/div>\n\n\n<hr class=\"wp-block-separator has-css-opacity\"\/>\n\n\n<div class=\"wp-block-post-date\"><time datetime=\"2023-07-26T08:35:32+02:00\">2023-07-26<\/time><\/div>\n<\/li><\/ul><\/div>\n<\/div>\n<\/div>\n<\/div>\n","protected":false},"excerpt":{"rendered":"","protected":false},"author":1,"featured_media":0,"parent":58,"menu_order":0,"comment_status":"closed","ping_status":"closed","template":"","meta":{"site-sidebar-layout":"default","site-content-layout":"default","ast-global-header-display":"","ast-banner-title-visibility":"","ast-main-header-display":"","ast-hfb-above-header-display":"","ast-hfb-below-header-display":"","ast-hfb-mobile-header-display":"","site-post-title":"","ast-breadcrumbs-content":"","ast-featured-img":"","footer-sml-layout":"","theme-transparent-header-meta":"","adv-header-id-meta":"","stick-header-meta":"","header-above-stick-meta":"","header-main-stick-meta":"","header-below-stick-meta":"","footnotes":""},"class_list":["post-130","page","type-page","status-publish","hentry"],"_links":{"self":[{"href":"https:\/\/fundacjawrotaeuropy.powiatwlodawski.pl\/index.php\/wp-json\/wp\/v2\/pages\/130","targetHints":{"allow":["GET"]}}],"collection":[{"href":"https:\/\/fundacjawrotaeuropy.powiatwlodawski.pl\/index.php\/wp-json\/wp\/v2\/pages"}],"about":[{"href":"https:\/\/fundacjawrotaeuropy.powiatwlodawski.pl\/index.php\/wp-json\/wp\/v2\/types\/page"}],"author":[{"embeddable":true,"href":"https:\/\/fundacjawrotaeuropy.powiatwlodawski.pl\/index.php\/wp-json\/wp\/v2\/users\/1"}],"replies":[{"embeddable":true,"href":"https:\/\/fundacjawrotaeuropy.powiatwlodawski.pl\/index.php\/wp-json\/wp\/v2\/comments?post=130"}],"version-history":[{"count":9,"href":"https:\/\/fundacjawrotaeuropy.powiatwlodawski.pl\/index.php\/wp-json\/wp\/v2\/pages\/130\/revisions"}],"predecessor-version":[{"id":181,"href":"https:\/\/fundacjawrotaeuropy.powiatwlodawski.pl\/index.php\/wp-json\/wp\/v2\/pages\/130\/revisions\/181"}],"up":[{"embeddable":true,"href":"https:\/\/fundacjawrotaeuropy.powiatwlodawski.pl\/index.php\/wp-json\/wp\/v2\/pages\/58"}],"wp:attachment":[{"href":"https:\/\/fundacjawrotaeuropy.powiatwlodawski.pl\/index.php\/wp-json\/wp\/v2\/media?parent=130"}],"curies":[{"name":"wp","href":"https:\/\/api.w.org\/{rel}","templated":true}]}}